{"id":370,"date":"2025-06-11T13:00:49","date_gmt":"2025-06-11T11:00:49","guid":{"rendered":"https:\/\/shakensmile.ch\/?post_type=product&#038;p=370"},"modified":"2026-04-11T12:25:50","modified_gmt":"2026-04-11T10:25:50","slug":"bartender-ausbildung","status":"publish","type":"product","link":"https:\/\/shakensmile.ch\/en\/product\/bartender-ausbildung\/","title":{"rendered":"Bartender training"},"content":{"rendered":"<div class=\"sOMZnbk oTZu_Li---alignment-4-left\" data-section-type=\"DESCRIPTION\">\n<div class=\"sydKowG\" data-hook=\"children-DESCRIPTION\">\n<div data-hook=\"description-wrapper\">\n<p class=\"sLbWJWh oh7UePU---typography-11-runningText oh7UePU---priority-7-primary sPHZGGF oNKl38p---location-4-BODY sF_NA_j\" aria-hidden=\"false\" data-hook=\"description\">Dauer: MO &#8211; MI, jeweils von 09.00 &#8211; 18.00 Uhr Lernintensit\u00e4t: Sie lernen t\u00e4glich 10 Drinks pro Person Praxisorientiert: Jeder Teilnehmer hat seine eigene Cocktail-Station Zertifizierung: Inklusive anerkanntem internationalen Zertifikat Gruppengr\u00f6sse: 2 bis 8 Teilnehmer f\u00fcr eine individuelle Betreuung Materialien: Enthalten sind ein umfangreiches Rezeptebuch und ein Barkeeperbuch Pr\u00fcfung: Abschlusspr\u00fcfung im Kurs enthalten Investition: CHF 450 pro Person Das werden Sie lernen:<\/p>\n<ul>\n<li class=\"sLbWJWh oh7UePU---typography-11-runningText oh7UePU---priority-7-primary sPHZGGF oNKl38p---location-4-BODY sF_NA_j\" aria-hidden=\"false\" data-hook=\"description\">Die Rolle des Barkeepers in Perfektion<\/li>\n<li class=\"sLbWJWh oh7UePU---typography-11-runningText oh7UePU---priority-7-primary sPHZGGF oNKl38p---location-4-BODY sF_NA_j\" aria-hidden=\"false\" data-hook=\"description\">Effektive Einrichtung und Organisation der Bar<\/li>\n<li class=\"sLbWJWh oh7UePU---typography-11-runningText oh7UePU---priority-7-primary sPHZGGF oNKl38p---location-4-BODY sF_NA_j\" aria-hidden=\"false\" data-hook=\"description\">Professionelle Pouring-Techniken f\u00fcr pr\u00e4zise Getr\u00e4nkemengen<\/li>\n<li class=\"sLbWJWh oh7UePU---typography-11-runningText oh7UePU---priority-7-primary sPHZGGF oNKl38p---location-4-BODY sF_NA_j\" aria-hidden=\"false\" data-hook=\"description\">Die Kunst der Garnitur: Wie man die perfekte Verzierung gestaltet<\/li>\n<li class=\"sLbWJWh oh7UePU---typography-11-runningText oh7UePU---priority-7-primary sPHZGGF oNKl38p---location-4-BODY sF_NA_j\" aria-hidden=\"false\" data-hook=\"description\">Der Weg zum optimalen Servieren von Getr\u00e4nken<\/li>\n<li class=\"sLbWJWh oh7UePU---typography-11-runningText oh7UePU---priority-7-primary sPHZGGF oNKl38p---location-4-BODY sF_NA_j\" aria-hidden=\"false\" data-hook=\"description\">Umfassendes Wissen \u00fcber Spirituosen &amp; Lik\u00f6re<\/li>\n<li class=\"sLbWJWh oh7UePU---typography-11-runningText oh7UePU---priority-7-primary sPHZGGF oNKl38p---location-4-BODY sF_NA_j\" aria-hidden=\"false\" data-hook=\"description\">Vertrautheit mit den Tools und der Ausr\u00fcstung der Bar<\/li>\n<li class=\"sLbWJWh oh7UePU---typography-11-runningText oh7UePU---priority-7-primary sPHZGGF oNKl38p---location-4-BODY sF_NA_j\" aria-hidden=\"false\" data-hook=\"description\">Beherrschung verschiedener Bartending-Techniken: Building, Stirring, Shaking, Rolling, Layering, Muddling, Churning, Shaking and Stirring<\/li>\n<li class=\"sLbWJWh oh7UePU---typography-11-runningText oh7UePU---priority-7-primary sPHZGGF oNKl38p---location-4-BODY sF_NA_j\" aria-hidden=\"false\" data-hook=\"description\">Vertiefte Einblicke in die Geschichte und Herstellung von Vodka, Gin, Rum, Tequila, Whisky &amp; Lik\u00f6r<\/li>\n<li class=\"sLbWJWh oh7UePU---typography-11-runningText oh7UePU---priority-7-primary sPHZGGF oNKl38p---location-4-BODY sF_NA_j\" aria-hidden=\"false\" data-hook=\"description\">Verkostung von \u00fcber 100 verschiedenen Arten von Spirituosen und Lik\u00f6ren<\/li>\n<\/ul>\n<p class=\"sLbWJWh oh7UePU---typography-11-runningText oh7UePU---priority-7-primary sPHZGGF oNKl38p---location-4-BODY sF_NA_j\" aria-hidden=\"false\" data-hook=\"description\">Bereiten Sie sich darauf vor, ein umfassendes Verst\u00e4ndnis f\u00fcr die Welt des Barkeepings zu erlangen und sich mit erstklassigen F\u00e4higkeiten auszur\u00fcsten. Diese intensive Bartender Ausbildung bietet nicht nur theoretisches Wissen, sondern erm\u00f6glicht Ihnen auch, das Gelernte direkt in die Praxis umzusetzen. Werden Sie Teil unserer kleinen, exklusiven Gruppe und starten Sie Ihre Reise in die faszinierende Welt des Bartending!<\/p>\n<\/div>\n<\/div>\n<\/div>","protected":false},"excerpt":{"rendered":"<p>Diese praxisorientierte Bartender Ausbildung vermittelt Ihnen fundiertes Wissen rund ums professionelle Barkeeping \u2013 von Pouring-Techniken \u00fcber Garnitur-Kunst bis hin zum perfekten Servieren. In einer kleinen Gruppe mit individueller Betreuung lernen Sie t\u00e4glich an Ihrer eigenen Cocktail-Station, mixen eine Vielzahl klassischer Drinks und vertiefen Ihr Wissen \u00fcber Spirituosen, Lik\u00f6re und Bar-Tools \u2013 <strong>inklusive international anerkanntem Zertifikat.<\/strong><\/p>","protected":false},"featured_media":774,"template":"","meta":{"site-sidebar-layout":"default","site-content-layout":"","ast-site-content-layout":"default","site-content-style":"default","site-sidebar-style":"default","ast-global-header-display":"","ast-banner-title-visibility":"","ast-main-header-display":"","ast-hfb-above-header-display":"","ast-hfb-below-header-display":"","ast-hfb-mobile-header-display":"","site-post-title":"","ast-breadcrumbs-content":"","ast-featured-img":"","footer-sml-layout":"","theme-transparent-header-meta":"default","adv-header-id-meta":"","stick-header-meta":"","header-above-stick-meta":"","header-main-stick-meta":"","header-below-stick-meta":"","astra-migrate-meta-layouts":"set","ast-page-background-enabled":"default","ast-page-background-meta":{"desktop":{"background-color":"var(--ast-global-color-5)","background-image":"","background-repeat":"repeat","background-position":"center center","background-size":"auto","background-attachment":"scroll","background-type":"","background-media":"","overlay-type":"","overlay-color":"","overlay-opacity":"","overlay-gradient":""},"tablet":{"background-color":"","background-image":"","background-repeat":"repeat","background-position":"center center","background-size":"auto","background-attachment":"scroll","background-type":"","background-media":"","overlay-type":"","overlay-color":"","overlay-opacity":"","overlay-gradient":""},"mobile":{"background-color":"","background-image":"","background-repeat":"repeat","background-position":"center center","background-size":"auto","background-attachment":"scroll","background-type":"","background-media":"","overlay-type":"","overlay-color":"","overlay-opacity":"","overlay-gradient":""}},"ast-content-background-meta":{"desktop":{"background-color":"var(--ast-global-color-4)","background-image":"","background-repeat":"repeat","background-position":"center center","background-size":"auto","background-attachment":"scroll","background-type":"","background-media":"","overlay-type":"","overlay-color":"","overlay-opacity":"","overlay-gradient":""},"tablet":{"background-color":"var(--ast-global-color-4)","background-image":"","background-repeat":"repeat","background-position":"center center","background-size":"auto","background-attachment":"scroll","background-type":"","background-media":"","overlay-type":"","overlay-color":"","overlay-opacity":"","overlay-gradient":""},"mobile":{"background-color":"var(--ast-global-color-4)","background-image":"","background-repeat":"repeat","background-position":"center center","background-size":"auto","background-attachment":"scroll","background-type":"","background-media":"","overlay-type":"","overlay-color":"","overlay-opacity":"","overlay-gradient":""}}},"product_brand":[],"product_cat":[28],"product_tag":[],"class_list":{"0":"post-370","1":"product","2":"type-product","3":"status-publish","4":"has-post-thumbnail","6":"product_cat-kurs","7":"desktop-align-left","8":"tablet-align-left","9":"mobile-align-left","11":"first","12":"instock","13":"taxable","14":"shipping-taxable","15":"purchasable","16":"product-type-variable"},"yoast_head":"<!-- This site is optimized with the Yoast SEO Premium plugin v26.1 (Yoast SEO v26.1) - https:\/\/yoast.com\/wordpress\/plugins\/seo\/ -->\n<title>Bartender Ausbildung - Shake\u2019N Smile<\/title>\n<meta name=\"description\" content=\"Praxisorientierte Bartender Ausbildung in kleinen Gruppen: lernen Sie Mixtechniken, Spirituosenkunde und erhalten Sie ein anerkanntes Zertifikat.\" \/>\n<meta name=\"robots\" content=\"index, follow, max-snippet:-1, max-image-preview:large, max-video-preview:-1\" \/>\n<link rel=\"canonical\" href=\"https:\/\/shakensmile.ch\/en\/product\/bartender-ausbildung\/\" \/>\n<meta property=\"og:locale\" content=\"en_US\" \/>\n<meta property=\"og:type\" content=\"article\" \/>\n<meta property=\"og:title\" content=\"Bartender Ausbildung\" \/>\n<meta property=\"og:description\" content=\"Praxisorientierte Bartender Ausbildung in kleinen Gruppen: lernen Sie Mixtechniken, Spirituosenkunde und erhalten Sie ein anerkanntes Zertifikat.\" \/>\n<meta property=\"og:url\" content=\"https:\/\/shakensmile.ch\/en\/product\/bartender-ausbildung\/\" \/>\n<meta property=\"og:site_name\" content=\"Shake\u2019N Smile\" \/>\n<meta property=\"article:publisher\" content=\"https:\/\/www.facebook.com\/shakensmile.ch\/\" \/>\n<meta property=\"article:modified_time\" content=\"2026-04-11T10:25:50+00:00\" \/>\n<meta property=\"og:image\" content=\"https:\/\/shakensmile.ch\/wp-content\/uploads\/2025\/06\/CompassGroup_LX2025_147.jpg\" \/>\n\t<meta property=\"og:image:width\" content=\"2560\" \/>\n\t<meta property=\"og:image:height\" content=\"1708\" \/>\n\t<meta property=\"og:image:type\" content=\"image\/jpeg\" \/>\n<meta name=\"twitter:card\" content=\"summary_large_image\" \/>\n<meta name=\"twitter:label1\" content=\"Est. reading time\" \/>\n\t<meta name=\"twitter:data1\" content=\"2 minutes\" \/>\n<script type=\"application\/ld+json\" class=\"yoast-schema-graph\">{\"@context\":\"https:\/\/schema.org\",\"@graph\":[{\"@type\":\"WebPage\",\"@id\":\"https:\/\/shakensmile.ch\/product\/bartender-ausbildung\/\",\"url\":\"https:\/\/shakensmile.ch\/product\/bartender-ausbildung\/\",\"name\":\"Bartender Ausbildung - Shake\u2019N Smile\",\"isPartOf\":{\"@id\":\"https:\/\/shakensmile.ch\/#website\"},\"primaryImageOfPage\":{\"@id\":\"https:\/\/shakensmile.ch\/product\/bartender-ausbildung\/#primaryimage\"},\"image\":{\"@id\":\"https:\/\/shakensmile.ch\/product\/bartender-ausbildung\/#primaryimage\"},\"thumbnailUrl\":\"https:\/\/shakensmile.ch\/wp-content\/uploads\/2025\/06\/CompassGroup_LX2025_147.jpg\",\"datePublished\":\"2025-06-11T11:00:49+00:00\",\"dateModified\":\"2026-04-11T10:25:50+00:00\",\"description\":\"Praxisorientierte Bartender Ausbildung in kleinen Gruppen: lernen Sie Mixtechniken, Spirituosenkunde und erhalten Sie ein anerkanntes Zertifikat.\",\"breadcrumb\":{\"@id\":\"https:\/\/shakensmile.ch\/product\/bartender-ausbildung\/#breadcrumb\"},\"inLanguage\":\"en-US\",\"potentialAction\":[{\"@type\":\"ReadAction\",\"target\":[\"https:\/\/shakensmile.ch\/product\/bartender-ausbildung\/\"]}]},{\"@type\":\"ImageObject\",\"inLanguage\":\"en-US\",\"@id\":\"https:\/\/shakensmile.ch\/product\/bartender-ausbildung\/#primaryimage\",\"url\":\"https:\/\/shakensmile.ch\/wp-content\/uploads\/2025\/06\/CompassGroup_LX2025_147.jpg\",\"contentUrl\":\"https:\/\/shakensmile.ch\/wp-content\/uploads\/2025\/06\/CompassGroup_LX2025_147.jpg\",\"width\":2560,\"height\":1708,\"caption\":\"barfachschule\"},{\"@type\":\"BreadcrumbList\",\"@id\":\"https:\/\/shakensmile.ch\/product\/bartender-ausbildung\/#breadcrumb\",\"itemListElement\":[{\"@type\":\"ListItem\",\"position\":1,\"name\":\"Home\",\"item\":\"https:\/\/shakensmile.ch\/\"},{\"@type\":\"ListItem\",\"position\":2,\"name\":\"Shop\",\"item\":\"https:\/\/shakensmile.ch\/shop\/\"},{\"@type\":\"ListItem\",\"position\":3,\"name\":\"Bartender Ausbildung\"}]},{\"@type\":\"WebSite\",\"@id\":\"https:\/\/shakensmile.ch\/#website\",\"url\":\"https:\/\/shakensmile.ch\/\",\"name\":\"Shake'N Smile\",\"description\":\"Shake\u2019N Smile \u2013 wo Barkultur auf Professionalit\u00e4t trifft.\",\"publisher\":{\"@id\":\"https:\/\/shakensmile.ch\/#organization\"},\"potentialAction\":[{\"@type\":\"SearchAction\",\"target\":{\"@type\":\"EntryPoint\",\"urlTemplate\":\"https:\/\/shakensmile.ch\/?s={search_term_string}\"},\"query-input\":{\"@type\":\"PropertyValueSpecification\",\"valueRequired\":true,\"valueName\":\"search_term_string\"}}],\"inLanguage\":\"en-US\"},{\"@type\":\"Organization\",\"@id\":\"https:\/\/shakensmile.ch\/#organization\",\"name\":\"Shake'N Smile\",\"url\":\"https:\/\/shakensmile.ch\/\",\"logo\":{\"@type\":\"ImageObject\",\"inLanguage\":\"en-US\",\"@id\":\"https:\/\/shakensmile.ch\/#\/schema\/logo\/image\/\",\"url\":\"https:\/\/shakensmile.ch\/wp-content\/uploads\/2025\/05\/Logo_AllNEW_web_horizontal_new-2.png\",\"contentUrl\":\"https:\/\/shakensmile.ch\/wp-content\/uploads\/2025\/05\/Logo_AllNEW_web_horizontal_new-2.png\",\"width\":524,\"height\":139,\"caption\":\"Shake'N Smile\"},\"image\":{\"@id\":\"https:\/\/shakensmile.ch\/#\/schema\/logo\/image\/\"},\"sameAs\":[\"https:\/\/www.facebook.com\/shakensmile.ch\/\",\"https:\/\/www.linkedin.com\/company\/shake-and-smile\/\",\"https:\/\/www.instagram.com\/shakensmile\/\",\"https:\/\/www.tiktok.com\/@shakensmile\"]}]}<\/script>\n<!-- \/ Yoast SEO Premium plugin. -->","yoast_head_json":{"title":"Bartender Ausbildung - Shake\u2019N Smile","description":"Praxisorientierte Bartender Ausbildung in kleinen Gruppen: lernen Sie Mixtechniken, Spirituosenkunde und erhalten Sie ein anerkanntes Zertifikat.","robots":{"index":"index","follow":"follow","max-snippet":"max-snippet:-1","max-image-preview":"max-image-preview:large","max-video-preview":"max-video-preview:-1"},"canonical":"https:\/\/shakensmile.ch\/en\/product\/bartender-ausbildung\/","og_locale":"en_US","og_type":"article","og_title":"Bartender Ausbildung","og_description":"Praxisorientierte Bartender Ausbildung in kleinen Gruppen: lernen Sie Mixtechniken, Spirituosenkunde und erhalten Sie ein anerkanntes Zertifikat.","og_url":"https:\/\/shakensmile.ch\/en\/product\/bartender-ausbildung\/","og_site_name":"Shake\u2019N Smile","article_publisher":"https:\/\/www.facebook.com\/shakensmile.ch\/","article_modified_time":"2026-04-11T10:25:50+00:00","og_image":[{"width":2560,"height":1708,"url":"https:\/\/shakensmile.ch\/wp-content\/uploads\/2025\/06\/CompassGroup_LX2025_147.jpg","type":"image\/jpeg"}],"twitter_card":"summary_large_image","twitter_misc":{"Est. reading time":"2 minutes"},"schema":{"@context":"https:\/\/schema.org","@graph":[{"@type":"WebPage","@id":"https:\/\/shakensmile.ch\/product\/bartender-ausbildung\/","url":"https:\/\/shakensmile.ch\/product\/bartender-ausbildung\/","name":"Bartender Ausbildung - Shake\u2019N Smile","isPartOf":{"@id":"https:\/\/shakensmile.ch\/#website"},"primaryImageOfPage":{"@id":"https:\/\/shakensmile.ch\/product\/bartender-ausbildung\/#primaryimage"},"image":{"@id":"https:\/\/shakensmile.ch\/product\/bartender-ausbildung\/#primaryimage"},"thumbnailUrl":"https:\/\/shakensmile.ch\/wp-content\/uploads\/2025\/06\/CompassGroup_LX2025_147.jpg","datePublished":"2025-06-11T11:00:49+00:00","dateModified":"2026-04-11T10:25:50+00:00","description":"Praxisorientierte Bartender Ausbildung in kleinen Gruppen: lernen Sie Mixtechniken, Spirituosenkunde und erhalten Sie ein anerkanntes Zertifikat.","breadcrumb":{"@id":"https:\/\/shakensmile.ch\/product\/bartender-ausbildung\/#breadcrumb"},"inLanguage":"en-US","potentialAction":[{"@type":"ReadAction","target":["https:\/\/shakensmile.ch\/product\/bartender-ausbildung\/"]}]},{"@type":"ImageObject","inLanguage":"en-US","@id":"https:\/\/shakensmile.ch\/product\/bartender-ausbildung\/#primaryimage","url":"https:\/\/shakensmile.ch\/wp-content\/uploads\/2025\/06\/CompassGroup_LX2025_147.jpg","contentUrl":"https:\/\/shakensmile.ch\/wp-content\/uploads\/2025\/06\/CompassGroup_LX2025_147.jpg","width":2560,"height":1708,"caption":"barfachschule"},{"@type":"BreadcrumbList","@id":"https:\/\/shakensmile.ch\/product\/bartender-ausbildung\/#breadcrumb","itemListElement":[{"@type":"ListItem","position":1,"name":"Home","item":"https:\/\/shakensmile.ch\/"},{"@type":"ListItem","position":2,"name":"Shop","item":"https:\/\/shakensmile.ch\/shop\/"},{"@type":"ListItem","position":3,"name":"Bartender Ausbildung"}]},{"@type":"WebSite","@id":"https:\/\/shakensmile.ch\/#website","url":"https:\/\/shakensmile.ch\/","name":"Shake&#039;N Smile","description":"Shake&#039;N Smile \u2013 where bar culture meets professionalism.","publisher":{"@id":"https:\/\/shakensmile.ch\/#organization"},"potentialAction":[{"@type":"SearchAction","target":{"@type":"EntryPoint","urlTemplate":"https:\/\/shakensmile.ch\/?s={search_term_string}"},"query-input":{"@type":"PropertyValueSpecification","valueRequired":true,"valueName":"search_term_string"}}],"inLanguage":"en-US"},{"@type":"Organization","@id":"https:\/\/shakensmile.ch\/#organization","name":"Shake&#039;N Smile","url":"https:\/\/shakensmile.ch\/","logo":{"@type":"ImageObject","inLanguage":"en-US","@id":"https:\/\/shakensmile.ch\/#\/schema\/logo\/image\/","url":"https:\/\/shakensmile.ch\/wp-content\/uploads\/2025\/05\/Logo_AllNEW_web_horizontal_new-2.png","contentUrl":"https:\/\/shakensmile.ch\/wp-content\/uploads\/2025\/05\/Logo_AllNEW_web_horizontal_new-2.png","width":524,"height":139,"caption":"Shake'N Smile"},"image":{"@id":"https:\/\/shakensmile.ch\/#\/schema\/logo\/image\/"},"sameAs":["https:\/\/www.facebook.com\/shakensmile.ch\/","https:\/\/www.linkedin.com\/company\/shake-and-smile\/","https:\/\/www.instagram.com\/shakensmile\/","https:\/\/www.tiktok.com\/@shakensmile"]}]}},"_links":{"self":[{"href":"https:\/\/shakensmile.ch\/en\/wp-json\/wp\/v2\/product\/370","targetHints":{"allow":["GET"]}}],"collection":[{"href":"https:\/\/shakensmile.ch\/en\/wp-json\/wp\/v2\/product"}],"about":[{"href":"https:\/\/shakensmile.ch\/en\/wp-json\/wp\/v2\/types\/product"}],"version-history":[{"count":0,"href":"https:\/\/shakensmile.ch\/en\/wp-json\/wp\/v2\/product\/370\/revisions"}],"wp:featuredmedia":[{"embeddable":true,"href":"https:\/\/shakensmile.ch\/en\/wp-json\/wp\/v2\/media\/774"}],"wp:attachment":[{"href":"https:\/\/shakensmile.ch\/en\/wp-json\/wp\/v2\/media?parent=370"}],"wp:term":[{"taxonomy":"product_brand","embeddable":true,"href":"https:\/\/shakensmile.ch\/en\/wp-json\/wp\/v2\/product_brand?post=370"},{"taxonomy":"product_cat","embeddable":true,"href":"https:\/\/shakensmile.ch\/en\/wp-json\/wp\/v2\/product_cat?post=370"},{"taxonomy":"product_tag","embeddable":true,"href":"https:\/\/shakensmile.ch\/en\/wp-json\/wp\/v2\/product_tag?post=370"}],"curies":[{"name":"wp","href":"https:\/\/api.w.org\/{rel}","templated":true}]}}